{"id":643,"date":"2020-04-14T10:50:45","date_gmt":"2020-04-14T10:50:45","guid":{"rendered":"http:\/\/94.237.113.65\/~valkianl\/?page_id=643"},"modified":"2026-03-01T12:57:25","modified_gmt":"2026-03-01T12:57:25","slug":"teerimaki","status":"publish","type":"page","link":"https:\/\/www.valkianlomahuvilat.fi\/index.php\/huvilat\/teerimaki\/","title":{"rendered":"Teerim\u00e4ki"},"content":{"rendered":"\t\t<div data-elementor-type=\"wp-post\" data-elementor-id=\"643\" class=\"elementor elementor-643\">\n\t\t\t\t\t\t<section class=\"elementor-section elementor-top-section elementor-element elementor-element-d7d8b56 elementor-section-boxed elementor-section-height-default elementor-section-height-default\" data-id=\"d7d8b56\" data-element_type=\"section\" data-e-type=\"section\" data-settings=\"{&quot;background_background&quot;:&quot;classic&quot;}\">\n\t\t\t\t\t\t\t<div class=\"elementor-background-overlay\"><\/div>\n\t\t\t\t\t\t\t<div class=\"elementor-container elementor-column-gap-default\">\n\t\t\t\t\t<div class=\"elementor-column elementor-col-33 elementor-top-column elementor-element elementor-element-b3d335b\" data-id=\"b3d335b\" data-element_type=\"column\" data-e-type=\"column\">\n\t\t\t<div class=\"elementor-widget-wrap\">\n\t\t\t\t\t\t\t<\/div>\n\t\t<\/div>\n\t\t\t\t<div class=\"elementor-column elementor-col-33 elementor-top-column elementor-element elementor-element-fd69444\" data-id=\"fd69444\" data-element_type=\"column\" data-e-type=\"column\">\n\t\t\t<div class=\"elementor-widget-wrap elementor-element-populated\">\n\t\t\t\t\t\t<div class=\"elementor-element elementor-element-abcc2f2 elementor-widget elementor-widget-heading\" data-id=\"abcc2f2\" data-element_type=\"widget\" data-e-type=\"widget\" data-widget_type=\"heading.default\">\n\t\t\t\t<div class=\"elementor-widget-container\">\n\t\t\t\t\t<h1 class=\"elementor-heading-title elementor-size-default\">Teerim\u00e4ki<\/h1>\t\t\t\t<\/div>\n\t\t\t\t<\/div>\n\t\t\t\t\t<\/div>\n\t\t<\/div>\n\t\t\t\t<div class=\"elementor-column elementor-col-33 elementor-top-column elementor-element elementor-element-674669b\" data-id=\"674669b\" data-element_type=\"column\" data-e-type=\"column\">\n\t\t\t<div class=\"elementor-widget-wrap\">\n\t\t\t\t\t\t\t<\/div>\n\t\t<\/div>\n\t\t\t\t\t<\/div>\n\t\t<\/section>\n\t\t\t\t<section class=\"elementor-section elementor-top-section elementor-element elementor-element-2192048 elementor-section-boxed elementor-section-height-default elementor-section-height-default\" data-id=\"2192048\" data-element_type=\"section\" data-e-type=\"section\">\n\t\t\t\t\t\t<div class=\"elementor-container elementor-column-gap-default\">\n\t\t\t\t\t<div class=\"elementor-column elementor-col-100 elementor-top-column elementor-element elementor-element-596ad74\" data-id=\"596ad74\" data-element_type=\"column\" data-e-type=\"column\">\n\t\t\t<div class=\"elementor-widget-wrap elementor-element-populated\">\n\t\t\t\t\t\t<section class=\"elementor-section elementor-inner-section elementor-element elementor-element-b9892b8 elementor-section-boxed elementor-section-height-default elementor-section-height-default\" data-id=\"b9892b8\" data-element_type=\"section\" data-e-type=\"section\">\n\t\t\t\t\t\t<div class=\"elementor-container elementor-column-gap-default\">\n\t\t\t\t\t<div class=\"elementor-column elementor-col-50 elementor-inner-column elementor-element elementor-element-39986bb\" data-id=\"39986bb\" data-element_type=\"column\" data-e-type=\"column\">\n\t\t\t<div class=\"elementor-widget-wrap elementor-element-populated\">\n\t\t\t\t\t\t<div class=\"elementor-element elementor-element-59a4029 elementor-widget elementor-widget-text-editor\" data-id=\"59a4029\" data-element_type=\"widget\" data-e-type=\"widget\" data-widget_type=\"text-editor.default\">\n\t\t\t\t<div class=\"elementor-widget-container\">\n\t\t\t\t\t\t\t\t\t<p><b>Teerim\u00e4ki\u00a0<br \/><\/b><b><\/b><\/p><p>Teerim\u00e4ki on valmistunut syksyll\u00e4 2005. Huvilan pinta-ala on 129 m\u00b2. Makuuhuoneita on kolme, kaksi parivuoteilla alakerrassa ja yl\u00e4kerran makuuhuoneessa on nelj\u00e4 erillist\u00e4 vuodetta. Lis\u00e4ksi avoparvella ja olohuoneessa on levitett\u00e4v\u00e4t vuodesohvat.. Muita tiloja ovat: tuulikaappi, eteisaula, avara olohuone, jossa on varaava takka, keitti\u00f6, avoparvi, pukuhuone, ainavalmis-sauna, 2 suihkua, poreamme ja 2wc.t\u00e4.<\/p><p>Katettu terassi, laaja patio, puiset kulkuv\u00e4yl\u00e4t rantasaunalle ja rantaan antavat mukavuutta ja helppoutta ulkona oleskeluun. Jokaisella huvilalla on my\u00f6s erilliset grillikatokset, joissa on k\u00e4yt\u00f6ss\u00e4 puu- ja kaasugrillit. Polttopuut ovat erillisess\u00e4 puuvarastossa huvilan pihalla. Huviloilla on omat laiturit ja soutuveneet. Jokaisella huvilalla on lapsille soveltuva, loivasti syvenev\u00e4 hiekkaranta. Parkkipaikalla on l\u00e4mmitystolppa kahdelle autolle.<\/p><p>Huviloillamme on erilliset puul\u00e4mmitteiset rantasaunat, joten valinnanvaraa l\u00f6ytyy niin perinteisen puusaunan kuin helppok\u00e4ytt\u00f6isen s\u00e4hk\u00f6saunan yst\u00e4ville.<br \/>Huviloissamme majoittuu mukavasti kaksikin perhett\u00e4, ne soveltuvat my\u00f6s perhejuhliin tai yritysten saunailtojen viettoon. Tupakointi on kielletty sis\u00e4tiloissa.<br \/>Teerim\u00e4elle olemme sallineet lemmikkiel\u00e4imet lis\u00e4maksusta.<\/p><p>Osoite: Mustaj\u00e4rventie 219.<\/p>\t\t\t\t\t\t\t\t<\/div>\n\t\t\t\t<\/div>\n\t\t\t\t<div class=\"elementor-element elementor-element-6648f6d elementor-widget elementor-widget-image\" data-id=\"6648f6d\" data-element_type=\"widget\" data-e-type=\"widget\" data-widget_type=\"image.default\">\n\t\t\t\t<div class=\"elementor-widget-container\">\n\t\t\t\t\t\t\t\t\t\t\t\t<figure class=\"wp-caption\">\n\t\t\t\t\t\t\t\t\t\t\t<a href=\"http:\/\/94.237.113.65\/~valkianl\/wp-content\/uploads\/2020\/04\/Pohjapiirros1.jpg\" data-elementor-open-lightbox=\"yes\" data-elementor-lightbox-title=\"Pohjapiirros1\" data-e-action-hash=\"#elementor-action%3Aaction%3Dlightbox%26settings%3DeyJpZCI6ODc4LCJ1cmwiOiJodHRwczpcL1wvd3d3LnZhbGtpYW5sb21haHV2aWxhdC5maVwvd3AtY29udGVudFwvdXBsb2Fkc1wvMjAyMFwvMDRcL1BvaGphcGlpcnJvczEuanBnIn0%3D\">\n\t\t\t\t\t\t\t<img fetchpriority=\"high\" decoding=\"async\" width=\"800\" height=\"682\" src=\"https:\/\/www.valkianlomahuvilat.fi\/wp-content\/uploads\/2020\/04\/Pohjapiirros1.jpg\" class=\"attachment-large size-large wp-image-878\" alt=\"\" srcset=\"https:\/\/www.valkianlomahuvilat.fi\/wp-content\/uploads\/2020\/04\/Pohjapiirros1.jpg 800w, https:\/\/www.valkianlomahuvilat.fi\/wp-content\/uploads\/2020\/04\/Pohjapiirros1-300x256.jpg 300w, https:\/\/www.valkianlomahuvilat.fi\/wp-content\/uploads\/2020\/04\/Pohjapiirros1-768x655.jpg 768w\" sizes=\"(max-width: 800px) 100vw, 800px\" \/>\t\t\t\t\t\t\t\t<\/a>\n\t\t\t\t\t\t\t\t\t\t\t<figcaption class=\"widget-image-caption wp-caption-text\"><\/figcaption>\n\t\t\t\t\t\t\t\t\t\t<\/figure>\n\t\t\t\t\t\t\t\t\t<\/div>\n\t\t\t\t<\/div>\n\t\t\t\t<div class=\"elementor-element elementor-element-62e18c5 elementor-widget elementor-widget-image\" data-id=\"62e18c5\" data-element_type=\"widget\" data-e-type=\"widget\" data-widget_type=\"image.default\">\n\t\t\t\t<div class=\"elementor-widget-container\">\n\t\t\t\t\t\t\t\t\t\t\t\t<figure class=\"wp-caption\">\n\t\t\t\t\t\t\t\t\t\t\t<a href=\"http:\/\/94.237.113.65\/~valkianl\/wp-content\/uploads\/2020\/04\/Pohjapiirros2.jpg\" data-elementor-open-lightbox=\"yes\" data-elementor-lightbox-title=\"Pohjapiirros2\" data-e-action-hash=\"#elementor-action%3Aaction%3Dlightbox%26settings%3DeyJpZCI6ODc5LCJ1cmwiOiJodHRwczpcL1wvd3d3LnZhbGtpYW5sb21haHV2aWxhdC5maVwvd3AtY29udGVudFwvdXBsb2Fkc1wvMjAyMFwvMDRcL1BvaGphcGlpcnJvczIuanBnIn0%3D\">\n\t\t\t\t\t\t\t<img decoding=\"async\" width=\"400\" height=\"483\" src=\"https:\/\/www.valkianlomahuvilat.fi\/wp-content\/uploads\/2020\/04\/Pohjapiirros2.jpg\" class=\"attachment-large size-large wp-image-879\" alt=\"\" srcset=\"https:\/\/www.valkianlomahuvilat.fi\/wp-content\/uploads\/2020\/04\/Pohjapiirros2.jpg 400w, https:\/\/www.valkianlomahuvilat.fi\/wp-content\/uploads\/2020\/04\/Pohjapiirros2-248x300.jpg 248w\" sizes=\"(max-width: 400px) 100vw, 400px\" \/>\t\t\t\t\t\t\t\t<\/a>\n\t\t\t\t\t\t\t\t\t\t\t<figcaption class=\"widget-image-caption wp-caption-text\"><\/figcaption>\n\t\t\t\t\t\t\t\t\t\t<\/figure>\n\t\t\t\t\t\t\t\t\t<\/div>\n\t\t\t\t<\/div>\n\t\t\t\t\t<\/div>\n\t\t<\/div>\n\t\t\t\t<div class=\"elementor-column elementor-col-50 elementor-inner-column elementor-element elementor-element-78f5e3f\" data-id=\"78f5e3f\" data-element_type=\"column\" data-e-type=\"column\">\n\t\t\t<div class=\"elementor-widget-wrap elementor-element-populated\">\n\t\t\t\t\t\t<div class=\"elementor-element elementor-element-2c1684d elementor-widget elementor-widget-image\" data-id=\"2c1684d\" data-element_type=\"widget\" data-e-type=\"widget\" data-widget_type=\"image.default\">\n\t\t\t\t<div class=\"elementor-widget-container\">\n\t\t\t\t\t\t\t\t\t\t\t\t\t\t\t<img decoding=\"async\" width=\"525\" height=\"525\" src=\"https:\/\/www.valkianlomahuvilat.fi\/wp-content\/uploads\/2020\/04\/sisusta_700x700.jpg\" class=\"attachment-large size-large wp-image-876\" alt=\"\" srcset=\"https:\/\/www.valkianlomahuvilat.fi\/wp-content\/uploads\/2020\/04\/sisusta_700x700.jpg 525w, https:\/\/www.valkianlomahuvilat.fi\/wp-content\/uploads\/2020\/04\/sisusta_700x700-300x300.jpg 300w, https:\/\/www.valkianlomahuvilat.fi\/wp-content\/uploads\/2020\/04\/sisusta_700x700-150x150.jpg 150w\" sizes=\"(max-width: 525px) 100vw, 525px\" \/>\t\t\t\t\t\t\t\t\t\t\t\t\t\t\t<\/div>\n\t\t\t\t<\/div>\n\t\t\t\t<div class=\"elementor-element elementor-element-fad1537 elementor-widget elementor-widget-text-editor\" data-id=\"fad1537\" data-element_type=\"widget\" data-e-type=\"widget\" data-widget_type=\"text-editor.default\">\n\t\t\t\t<div class=\"elementor-widget-container\">\n\t\t\t\t\t\t\t\t\t<p><strong>Ylelliseen varustukseen kuuluu:<\/strong><\/p><p>\u2022 astianpesukone<br \/>\u2022 astiasto 12 hengelle<br \/>\u2022 keraaminen liesi<br \/>\u2022 j\u00e4\u00e4kaappi-pakastin<br \/>\u2022 kahvinkeitin<br \/>\u2022 vedenkeitin<br \/>\u2022 mikroaaltouuni<br \/>\u2022 leiv\u00e4npaahdin<br \/>\u2022 s\u00e4hk\u00f6vatkain<br \/>\u2022 silitysrauta ja kaapistosta vedett\u00e4v\u00e4 silityslauta<br \/>\u2022 pyykinpesukone<br \/>\u2022 kuivauskaappi tai kuivausrumpu<br \/>\u2022 p\u00f6lynimuri<br \/>\u2022 Smart TV<br \/>\u2022 WiFi<br \/>\u2022 hiustenkuivain<br \/>\u2022 poreamme<br \/>\u2022 vauvans\u00e4nky, sy\u00f6tt\u00f6tuoli<br \/>\u2022 ainavalmis kiuas<br \/>\u2022 koneellinen ilmanvaihto<br \/>\u2022 lattial\u00e4mmitys<\/p>\t\t\t\t\t\t\t\t<\/div>\n\t\t\t\t<\/div>\n\t\t\t\t\t<\/div>\n\t\t<\/div>\n\t\t\t\t\t<\/div>\n\t\t<\/section>\n\t\t\t\t\t<\/div>\n\t\t<\/div>\n\t\t\t\t\t<\/div>\n\t\t<\/section>\n\t\t\t\t<\/div>\n\t\t","protected":false},"excerpt":{"rendered":"<p>Teerim\u00e4ki Teerim\u00e4ki\u00a0 Teerim\u00e4ki on valmistunut syksyll\u00e4 2005. Huvilan pinta-ala on 129 m\u00b2. Makuuhuoneita on kolme, kaksi parivuoteilla alakerrassa ja yl\u00e4kerran makuuhuoneessa on nelj\u00e4 erillist\u00e4 vuodetta. Lis\u00e4ksi avoparvella ja olohuoneessa on levitett\u00e4v\u00e4t vuodesohvat.. Muita tiloja ovat: tuulikaappi, eteisaula, avara olohuone, jossa on varaava takka, keitti\u00f6, avoparvi, pukuhuone, ainavalmis-sauna, 2 suihkua, poreamme ja 2wc.t\u00e4. Katettu terassi, laaja [&hellip;]<\/p>\n","protected":false},"author":3,"featured_media":0,"parent":502,"menu_order":0,"comment_status":"closed","ping_status":"closed","template":"","meta":{"site-sidebar-layout":"no-sidebar","site-content-layout":"page-builder","ast-site-content-layout":"default","site-content-style":"default","site-sidebar-style":"default","ast-global-header-display":"","ast-banner-title-visibility":"","ast-main-header-display":"","ast-hfb-above-header-display":"","ast-hfb-below-header-display":"","ast-hfb-mobile-header-display":"","site-post-title":"disabled","ast-breadcrumbs-content":"","ast-featured-img":"disabled","footer-sml-layout":"","theme-transparent-header-meta":"enabled","adv-header-id-meta":"","stick-header-meta":"","header-above-stick-meta":"","header-main-stick-meta":"","header-below-stick-meta":"","astra-migrate-meta-layouts":"default","ast-page-background-enabled":"default","ast-page-background-meta":{"desktop":{"background-color":"","background-image":"","background-repeat":"repeat","background-position":"center center","background-size":"auto","background-attachment":"scroll","background-type":"","background-media":"","overlay-type":"","overlay-color":"","overlay-opacity":"","overlay-gradient":""},"tablet":{"background-color":"","background-image":"","background-repeat":"repeat","background-position":"center center","background-size":"auto","background-attachment":"scroll","background-type":"","background-media":"","overlay-type":"","overlay-color":"","overlay-opacity":"","overlay-gradient":""},"mobile":{"background-color":"","background-image":"","background-repeat":"repeat","background-position":"center center","background-size":"auto","background-attachment":"scroll","background-type":"","background-media":"","overlay-type":"","overlay-color":"","overlay-opacity":"","overlay-gradient":""}},"ast-content-background-meta":{"desktop":{"background-color":"var(--ast-global-color-5)","background-image":"","background-repeat":"repeat","background-position":"center center","background-size":"auto","background-attachment":"scroll","background-type":"","background-media":"","overlay-type":"","overlay-color":"","overlay-opacity":"","overlay-gradient":""},"tablet":{"background-color":"var(--ast-global-color-5)","background-image":"","background-repeat":"repeat","background-position":"center center","background-size":"auto","background-attachment":"scroll","background-type":"","background-media":"","overlay-type":"","overlay-color":"","overlay-opacity":"","overlay-gradient":""},"mobile":{"background-color":"var(--ast-global-color-5)","background-image":"","background-repeat":"repeat","background-position":"center center","background-size":"auto","background-attachment":"scroll","background-type":"","background-media":"","overlay-type":"","overlay-color":"","overlay-opacity":"","overlay-gradient":""}},"footnotes":""},"class_list":["post-643","page","type-page","status-publish","hentry"],"aioseo_notices":[],"_links":{"self":[{"href":"https:\/\/www.valkianlomahuvilat.fi\/index.php\/wp-json\/wp\/v2\/pages\/643","targetHints":{"allow":["GET"]}}],"collection":[{"href":"https:\/\/www.valkianlomahuvilat.fi\/index.php\/wp-json\/wp\/v2\/pages"}],"about":[{"href":"https:\/\/www.valkianlomahuvilat.fi\/index.php\/wp-json\/wp\/v2\/types\/page"}],"author":[{"embeddable":true,"href":"https:\/\/www.valkianlomahuvilat.fi\/index.php\/wp-json\/wp\/v2\/users\/3"}],"replies":[{"embeddable":true,"href":"https:\/\/www.valkianlomahuvilat.fi\/index.php\/wp-json\/wp\/v2\/comments?post=643"}],"version-history":[{"count":23,"href":"https:\/\/www.valkianlomahuvilat.fi\/index.php\/wp-json\/wp\/v2\/pages\/643\/revisions"}],"predecessor-version":[{"id":1364,"href":"https:\/\/www.valkianlomahuvilat.fi\/index.php\/wp-json\/wp\/v2\/pages\/643\/revisions\/1364"}],"up":[{"embeddable":true,"href":"https:\/\/www.valkianlomahuvilat.fi\/index.php\/wp-json\/wp\/v2\/pages\/502"}],"wp:attachment":[{"href":"https:\/\/www.valkianlomahuvilat.fi\/index.php\/wp-json\/wp\/v2\/media?parent=643"}],"curies":[{"name":"wp","href":"https:\/\/api.w.org\/{rel}","templated":true}]}}